{"id":185,"date":"2020-11-01T16:49:53","date_gmt":"2020-11-01T16:49:53","guid":{"rendered":"http:\/\/b-chem.pl\/?page_id=185"},"modified":"2023-05-27T01:19:29","modified_gmt":"2023-05-27T01:19:29","slug":"aktualnosci","status":"publish","type":"page","link":"https:\/\/b-chem.pl\/?page_id=185","title":{"rendered":"AKTUALNO\u015aCI"},"content":{"rendered":"\n<p>B-CHEM POLSKA w trasie!<\/p>\n\n\n\n<figure class=\"wp-block-image size-large\"><img loading=\"lazy\" width=\"1024\" height=\"768\" src=\"http:\/\/b-chem.pl\/wp-content\/uploads\/2020\/11\/20201103_082818-1024x768.jpg\" alt=\"\" class=\"wp-image-290\" srcset=\"https:\/\/b-chem.pl\/wp-content\/uploads\/2020\/11\/20201103_082818-1024x768.jpg 1024w, https:\/\/b-chem.pl\/wp-content\/uploads\/2020\/11\/20201103_082818-300x225.jpg 300w, https:\/\/b-chem.pl\/wp-content\/uploads\/2020\/11\/20201103_082818-768x576.jpg 768w, https:\/\/b-chem.pl\/wp-content\/uploads\/2020\/11\/20201103_082818-1536x1152.jpg 1536w, https:\/\/b-chem.pl\/wp-content\/uploads\/2020\/11\/20201103_082818-2048x1536.jpg 2048w, https:\/\/b-chem.pl\/wp-content\/uploads\/2020\/11\/20201103_082818-880x660.jpg 880w\" sizes=\"(max-width: 1024px) 100vw, 1024px\" \/><\/figure>\n\n\n\n<p>Dla Wszystkich \u017cyczymy spokojniejszych czas\u00f3w! <\/p>\n\n\n\n<p>Jeste\u015bmy dumni, \u017ce wybieracie nas na swojego partnera \ud83d\ude42<\/p>\n\n\n\n<p>Zapraszamy do kontaktu!<\/p>\n\n\n\n<figure class=\"wp-block-image size-large\"><img loading=\"lazy\" width=\"1024\" height=\"350\" src=\"http:\/\/b-chem.pl\/wp-content\/uploads\/2018\/12\/t\u0142o-B-Chem-1024x350.jpg\" alt=\"\" class=\"wp-image-59\" srcset=\"https:\/\/b-chem.pl\/wp-content\/uploads\/2018\/12\/t\u0142o-B-Chem-1024x350.jpg 1024w, https:\/\/b-chem.pl\/wp-content\/uploads\/2018\/12\/t\u0142o-B-Chem-300x103.jpg 300w, https:\/\/b-chem.pl\/wp-content\/uploads\/2018\/12\/t\u0142o-B-Chem-768x263.jpg 768w, https:\/\/b-chem.pl\/wp-content\/uploads\/2018\/12\/t\u0142o-B-Chem.jpg 1534w\" sizes=\"(max-width: 1024px) 100vw, 1024px\" \/><\/figure>\n\n\n\n<p>Zapraszamy r\u00f3wnie\u017c do \u015bledzenia naszego profilu na Facebook.com &#8211; du\u017co ciekawych rzeczy przed nami \ud83d\ude42<\/p>\n","protected":false},"excerpt":{"rendered":"<p>B-CHEM POLSKA w trasie! Dla Wszystkich \u017cyczymy spokojniejszych czas\u00f3w! Jeste\u015bmy dumni, \u017ce wybieracie nas na swojego partnera \ud83d\ude42 Zapraszamy do kontaktu! Zapraszamy r\u00f3wnie\u017c do \u015bledzenia naszego profilu na Facebook.com &#8211; du\u017co ciekawych rzeczy przed nami \ud83d\ude42<\/p>\n","protected":false},"author":1,"featured_media":0,"parent":0,"menu_order":0,"comment_status":"closed","ping_status":"closed","template":"","meta":[],"_links":{"self":[{"href":"https:\/\/b-chem.pl\/index.php?rest_route=\/wp\/v2\/pages\/185"}],"collection":[{"href":"https:\/\/b-chem.pl\/index.php?rest_route=\/wp\/v2\/pages"}],"about":[{"href":"https:\/\/b-chem.pl\/index.php?rest_route=\/wp\/v2\/types\/page"}],"author":[{"embeddable":true,"href":"https:\/\/b-chem.pl\/index.php?rest_route=\/wp\/v2\/users\/1"}],"replies":[{"embeddable":true,"href":"https:\/\/b-chem.pl\/index.php?rest_route=%2Fwp%2Fv2%2Fcomments&post=185"}],"version-history":[{"count":9,"href":"https:\/\/b-chem.pl\/index.php?rest_route=\/wp\/v2\/pages\/185\/revisions"}],"predecessor-version":[{"id":297,"href":"https:\/\/b-chem.pl\/index.php?rest_route=\/wp\/v2\/pages\/185\/revisions\/297"}],"wp:attachment":[{"href":"https:\/\/b-chem.pl\/index.php?rest_route=%2Fwp%2Fv2%2Fmedia&parent=185"}],"curies":[{"name":"wp","href":"https:\/\/api.w.org\/{rel}","templated":true}]}}